{"id":57,"date":"2021-07-21T13:55:08","date_gmt":"2021-07-21T11:55:08","guid":{"rendered":"http:\/\/rscars.auto.pl\/?post_type=product&#038;p=57"},"modified":"2021-09-10T11:42:03","modified_gmt":"2021-09-10T09:42:03","slug":"turbosprezarka-opel-vivaro-1-9-tdi-101km-2000","status":"publish","type":"product","link":"http:\/\/rscars.auto.pl\/?product=turbosprezarka-opel-vivaro-1-9-tdi-101km-2000","title":{"rendered":"Turbospr\u0119\u017carka Opel Vivaro 1.9 TDI 101KM 2000-"},"content":{"rendered":"<p><span class=\"d2edcug0 hpfvmrgz qv66sw1b c1et5uql lr9zc1uh a8c37x1j keod5gw0 nxhoafnm aigsh9s9 d3f4x2em fe6kdd0r mau55g9w c8b282yb iv3no6db jq4qci2q a3bd9o3v knj5qynh oo9gr5id\" dir=\"auto\">Regenerowana turbospr\u0119\u017carka do: <\/span><\/p>\n<p><span class=\"d2edcug0 hpfvmrgz qv66sw1b c1et5uql lr9zc1uh a8c37x1j keod5gw0 nxhoafnm aigsh9s9 d3f4x2em fe6kdd0r mau55g9w c8b282yb iv3no6db jq4qci2q a3bd9o3v knj5qynh oo9gr5id\" dir=\"auto\">Opel Vivaro 1.9 TDI<br \/>\n<\/span><span class=\"d2edcug0 hpfvmrgz qv66sw1b c1et5uql lr9zc1uh a8c37x1j keod5gw0 nxhoafnm aigsh9s9 d3f4x2em fe6kdd0r mau55g9w c8b282yb iv3no6db jq4qci2q a3bd9o3v knj5qynh oo9gr5id\" dir=\"auto\">Rok produkcji : od 01.2000<br \/>\nSilnik: F9Q<br \/>\nPojemno\u015b\u0107: 1870 ccm<br \/>\nMoc: 101 KM<\/span><\/p>\n<p><span class=\"d2edcug0 hpfvmrgz qv66sw1b c1et5uql lr9zc1uh a8c37x1j keod5gw0 nxhoafnm aigsh9s9 d3f4x2em fe6kdd0r mau55g9w c8b282yb iv3no6db jq4qci2q a3bd9o3v knj5qynh oo9gr5id\" dir=\"auto\">Numery OE:<br \/>\n751768-5005S<br \/>\n751768-5004S<br \/>\n751768-5003S<br \/>\n751768-0001<br \/>\n717345-0002<br \/>\n703245-0001\/2<br \/>\n5303 988 0048<\/span><\/p>\n<p><span class=\"d2edcug0 hpfvmrgz qv66sw1b c1et5uql lr9zc1uh a8c37x1j keod5gw0 nxhoafnm aigsh9s9 d3f4x2em fe6kdd0r mau55g9w c8b282yb iv3no6db jq4qci2q a3bd9o3v knj5qynh oo9gr5id\" dir=\"auto\">Zapytaj te\u017c o zestaw monta\u017cowy ! <\/span><\/p>\n<p><span class=\"d2edcug0 hpfvmrgz qv66sw1b c1et5uql lr9zc1uh a8c37x1j keod5gw0 nxhoafnm aigsh9s9 d3f4x2em fe6kdd0r mau55g9w c8b282yb iv3no6db jq4qci2q a3bd9o3v knj5qynh oo9gr5id\" dir=\"auto\">Cena po zwrocie starej kompletnej nie p\u0119kni\u0119tej turbiny.<br \/>\n2 lata gwarancji bez limitu kilometr\u00f3w <\/span><\/p>\n<p><span class=\"d2edcug0 hpfvmrgz qv66sw1b c1et5uql lr9zc1uh a8c37x1j keod5gw0 nxhoafnm aigsh9s9 d3f4x2em fe6kdd0r mau55g9w c8b282yb iv3no6db jq4qci2q a3bd9o3v knj5qynh oo9gr5id\" dir=\"auto\">Posiadamy oko\u0142o 1500 zregenerowanych najpopularniejszych turbospr\u0119\u017carek Wszystkie turbiny regenerowane s\u0105 z u\u017cyciem cz\u0119\u015bci i maszyn najwy\u017cszej jako\u015bci przez firm\u0119 z 15 letnim do\u015bwiadczeniem.\u00a0<\/span><\/p>\n","protected":false},"excerpt":{"rendered":"<p>Cena przy zwrocie starej turbospr\u0119\u017carki.<\/p>\n","protected":false},"featured_media":13,"comment_status":"open","ping_status":"closed","template":"","meta":{"spay_email":""},"product_cat":[26,19,30],"product_tag":[],"class_list":{"0":"post-57","1":"product","2":"type-product","3":"status-publish","4":"has-post-thumbnail","6":"product_cat-opel","7":"product_cat-turbosprezarki","8":"product_cat-vivaro","10":"first","11":"instock","12":"taxable","13":"shipping-taxable","14":"purchasable","15":"product-type-simple"},"_links":{"self":[{"href":"http:\/\/rscars.auto.pl\/index.php?rest_route=\/wp\/v2\/product\/57","targetHints":{"allow":["GET"]}}],"collection":[{"href":"http:\/\/rscars.auto.pl\/index.php?rest_route=\/wp\/v2\/product"}],"about":[{"href":"http:\/\/rscars.auto.pl\/index.php?rest_route=\/wp\/v2\/types\/product"}],"replies":[{"embeddable":true,"href":"http:\/\/rscars.auto.pl\/index.php?rest_route=%2Fwp%2Fv2%2Fcomments&post=57"}],"wp:featuredmedia":[{"embeddable":true,"href":"http:\/\/rscars.auto.pl\/index.php?rest_route=\/wp\/v2\/media\/13"}],"wp:attachment":[{"href":"http:\/\/rscars.auto.pl\/index.php?rest_route=%2Fwp%2Fv2%2Fmedia&parent=57"}],"wp:term":[{"taxonomy":"product_cat","embeddable":true,"href":"http:\/\/rscars.auto.pl\/index.php?rest_route=%2Fwp%2Fv2%2Fproduct_cat&post=57"},{"taxonomy":"product_tag","embeddable":true,"href":"http:\/\/rscars.auto.pl\/index.php?rest_route=%2Fwp%2Fv2%2Fproduct_tag&post=57"}],"curies":[{"name":"wp","href":"https:\/\/api.w.org\/{rel}","templated":true}]}}