{"id":109,"date":"2021-07-22T10:08:17","date_gmt":"2021-07-22T08:08:17","guid":{"rendered":"http:\/\/rscars.auto.pl\/?post_type=product&#038;p=109"},"modified":"2021-07-22T10:10:27","modified_gmt":"2021-07-22T08:10:27","slug":"zestaw-montazowy-kt210016","status":"publish","type":"product","link":"http:\/\/rscars.auto.pl\/?product=zestaw-montazowy-kt210016","title":{"rendered":"Zestaw monta\u017cowy KT210016"},"content":{"rendered":"<p>Zestaw monta\u017cowy do turbospr\u0119\u017carek<\/p>\n","protected":false},"excerpt":{"rendered":"<p>Zestaw monta\u017cowy do turbospr\u0119\u017carek<\/p>\n","protected":false},"featured_media":110,"comment_status":"open","ping_status":"closed","template":"","meta":{"spay_email":""},"product_cat":[25],"product_tag":[],"class_list":{"0":"post-109","1":"product","2":"type-product","3":"status-publish","4":"has-post-thumbnail","6":"product_cat-zestawy-montazowe","8":"first","9":"instock","10":"taxable","11":"shipping-taxable","12":"purchasable","13":"product-type-simple"},"_links":{"self":[{"href":"http:\/\/rscars.auto.pl\/index.php?rest_route=\/wp\/v2\/product\/109","targetHints":{"allow":["GET"]}}],"collection":[{"href":"http:\/\/rscars.auto.pl\/index.php?rest_route=\/wp\/v2\/product"}],"about":[{"href":"http:\/\/rscars.auto.pl\/index.php?rest_route=\/wp\/v2\/types\/product"}],"replies":[{"embeddable":true,"href":"http:\/\/rscars.auto.pl\/index.php?rest_route=%2Fwp%2Fv2%2Fcomments&post=109"}],"wp:featuredmedia":[{"embeddable":true,"href":"http:\/\/rscars.auto.pl\/index.php?rest_route=\/wp\/v2\/media\/110"}],"wp:attachment":[{"href":"http:\/\/rscars.auto.pl\/index.php?rest_route=%2Fwp%2Fv2%2Fmedia&parent=109"}],"wp:term":[{"taxonomy":"product_cat","embeddable":true,"href":"http:\/\/rscars.auto.pl\/index.php?rest_route=%2Fwp%2Fv2%2Fproduct_cat&post=109"},{"taxonomy":"product_tag","embeddable":true,"href":"http:\/\/rscars.auto.pl\/index.php?rest_route=%2Fwp%2Fv2%2Fproduct_tag&post=109"}],"curies":[{"name":"wp","href":"https:\/\/api.w.org\/{rel}","templated":true}]}}