{"id":104,"date":"2021-07-22T08:44:21","date_gmt":"2021-07-22T06:44:21","guid":{"rendered":"http:\/\/rscars.auto.pl\/?post_type=product&#038;p=104"},"modified":"2021-09-10T11:42:28","modified_gmt":"2021-09-10T09:42:28","slug":"turbosprezarka-volvo-pkw-v50-1-6-d-109-km-2004","status":"publish","type":"product","link":"http:\/\/rscars.auto.pl\/?product=turbosprezarka-volvo-pkw-v50-1-6-d-109-km-2004","title":{"rendered":"Turbospr\u0119\u017carka Volvo-PKW V50 1.6 D 109 KM 2004-"},"content":{"rendered":"<p><span class=\"d2edcug0 hpfvmrgz qv66sw1b c1et5uql lr9zc1uh a8c37x1j keod5gw0 nxhoafnm aigsh9s9 d3f4x2em fe6kdd0r mau55g9w c8b282yb iv3no6db jq4qci2q a3bd9o3v knj5qynh oo9gr5id\" dir=\"auto\">Regenerowana turbospr\u0119\u017carka do: <\/span><\/p>\n<p>Volvo-PKW V50 1.6 D<br \/>\nRok produkcji : od 01.2004<br \/>\nSilnik: D4164T<br \/>\nPojemno\u015b\u0107: 1560 ccm<br \/>\nMoc: 109 KM<\/p>\n<p><span class=\"d2edcug0 hpfvmrgz qv66sw1b c1et5uql lr9zc1uh a8c37x1j keod5gw0 nxhoafnm aigsh9s9 d3f4x2em fe6kdd0r mau55g9w c8b282yb iv3no6db jq4qci2q a3bd9o3v knj5qynh oo9gr5id\" dir=\"auto\">Numery OE:<br \/>\n<\/span><\/p>\n<p>753420-5006S<br \/>\n753420-9006S<br \/>\n753420-5005S<br \/>\n753420-5004S<br \/>\n753420-0004<br \/>\n753420-0002<br \/>\n750030-0002<br \/>\n740821-0002<br \/>\n9656125880<br \/>\n9663199280<br \/>\n9657248680<br \/>\n9660641380<br \/>\n9650764480<br \/>\nY60113700G<br \/>\n0375J8, 0375J7<br \/>\n3M5Q-6K682-AE<\/p>\n<p><span class=\"d2edcug0 hpfvmrgz qv66sw1b c1et5uql lr9zc1uh a8c37x1j keod5gw0 nxhoafnm aigsh9s9 d3f4x2em fe6kdd0r mau55g9w c8b282yb iv3no6db jq4qci2q a3bd9o3v knj5qynh oo9gr5id\" dir=\"auto\">\u00a0<\/span><\/p>\n<p><span class=\"d2edcug0 hpfvmrgz qv66sw1b c1et5uql lr9zc1uh a8c37x1j keod5gw0 nxhoafnm aigsh9s9 d3f4x2em fe6kdd0r mau55g9w c8b282yb iv3no6db jq4qci2q a3bd9o3v knj5qynh oo9gr5id\" dir=\"auto\">Zapytaj te\u017c o zestaw monta\u017cowy ! <\/span><\/p>\n<p><span class=\"d2edcug0 hpfvmrgz qv66sw1b c1et5uql lr9zc1uh a8c37x1j keod5gw0 nxhoafnm aigsh9s9 d3f4x2em fe6kdd0r mau55g9w c8b282yb iv3no6db jq4qci2q a3bd9o3v knj5qynh oo9gr5id\" dir=\"auto\">Cena po zwrocie starej kompletnej nie p\u0119kni\u0119tej turbiny.<br \/>\n2 lata gwarancji bez limitu kilometr\u00f3w <\/span><\/p>\n<p><span class=\"d2edcug0 hpfvmrgz qv66sw1b c1et5uql lr9zc1uh a8c37x1j keod5gw0 nxhoafnm aigsh9s9 d3f4x2em fe6kdd0r mau55g9w c8b282yb iv3no6db jq4qci2q a3bd9o3v knj5qynh oo9gr5id\" dir=\"auto\">Posiadamy oko\u0142o 1500 zregenerowanych najpopularniejszych turbospr\u0119\u017carek Wszystkie turbiny regenerowane s\u0105 z u\u017cyciem cz\u0119\u015bci i maszyn najwy\u017cszej jako\u015bci przez firm\u0119 z 15 letnim do\u015bwiadczeniem.\u00a0<\/span><\/p>\n","protected":false},"excerpt":{"rendered":"<p>Cena przy zwrocie starej turbospr\u0119\u017carki.<\/p>\n","protected":false},"featured_media":106,"comment_status":"open","ping_status":"closed","template":"","meta":{"spay_email":""},"product_cat":[19,45,40],"product_tag":[],"class_list":{"0":"post-104","1":"product","2":"type-product","3":"status-publish","4":"has-post-thumbnail","6":"product_cat-turbosprezarki","7":"product_cat-v50","8":"product_cat-volvo","10":"first","11":"instock","12":"taxable","13":"shipping-taxable","14":"purchasable","15":"product-type-simple"},"_links":{"self":[{"href":"http:\/\/rscars.auto.pl\/index.php?rest_route=\/wp\/v2\/product\/104","targetHints":{"allow":["GET"]}}],"collection":[{"href":"http:\/\/rscars.auto.pl\/index.php?rest_route=\/wp\/v2\/product"}],"about":[{"href":"http:\/\/rscars.auto.pl\/index.php?rest_route=\/wp\/v2\/types\/product"}],"replies":[{"embeddable":true,"href":"http:\/\/rscars.auto.pl\/index.php?rest_route=%2Fwp%2Fv2%2Fcomments&post=104"}],"wp:featuredmedia":[{"embeddable":true,"href":"http:\/\/rscars.auto.pl\/index.php?rest_route=\/wp\/v2\/media\/106"}],"wp:attachment":[{"href":"http:\/\/rscars.auto.pl\/index.php?rest_route=%2Fwp%2Fv2%2Fmedia&parent=104"}],"wp:term":[{"taxonomy":"product_cat","embeddable":true,"href":"http:\/\/rscars.auto.pl\/index.php?rest_route=%2Fwp%2Fv2%2Fproduct_cat&post=104"},{"taxonomy":"product_tag","embeddable":true,"href":"http:\/\/rscars.auto.pl\/index.php?rest_route=%2Fwp%2Fv2%2Fproduct_tag&post=104"}],"curies":[{"name":"wp","href":"https:\/\/api.w.org\/{rel}","templated":true}]}}