{"id":156,"date":"2021-09-23T08:42:18","date_gmt":"2021-09-23T06:42:18","guid":{"rendered":"http:\/\/rscars.auto.pl\/?page_id=156"},"modified":"2021-09-23T08:42:18","modified_gmt":"2021-09-23T06:42:18","slug":"regulamin","status":"publish","type":"page","link":"http:\/\/rscars.auto.pl\/?page_id=156","title":{"rendered":"Regulamin"},"content":{"rendered":"\n<p><\/p>\n\n\n\n<p><strong>\u00a7 1 Postanowienia wst\u0119pne<\/strong><\/p>\n\n\n\n<ol class=\"wp-block-list\" type=\"1\"><li>Sklep Internetowy RS Cars dost\u0119pny pod adresem\u00a0<a href=\"http:\/\/www.pizza-brakers.pl\/\">rscars.auto.pl<\/a>.<\/li><li>Sklep Internetowy RS Cars prowadzony jest przez RS Cars Bart\u0142omiej Zieli\u0144ski, Rynek 17; 38-340 Biecz, <br>NIP: 7382113852, REGON: 387517803.<\/li><\/ol>\n\n\n\n<p><strong>\u00a7 2 Definicje<\/strong><\/p>\n\n\n\n<ol class=\"wp-block-list\" type=\"1\"><li>Konsument &#8211; osoba fizyczna zawieraj\u0105ca ze Sprzedawc\u0105 umow\u0119 w ramach Sklepu, kt\u00f3rej przedmiot nie jest zwi\u0105zany bezpo\u015brednio z jej dzia\u0142alno\u015bci\u0105 gospodarcz\u0105 lub zawodow\u0105.<\/li><li>Sprzedawca &#8211; osoba fizyczna prowadz\u0105ca dzia\u0142alno\u015b\u0107 gospodarcz\u0105 pod firm\u0105 RS Cars Bart\u0142omiej Zieli\u0144ski, Rynek 17; 38-340 Biecz, NIP: 7382113852, REGON: 387517803.<\/li><li>Klient &#8211; ka\u017cdy podmiot dokonuj\u0105cy zakup\u00f3w za po\u015brednictwem Sklepu.<\/li><li>Przedsi\u0119biorca &#8211; osoba fizyczna, osoba prawna i jednostka organizacyjna nieb\u0119d\u0105ca osob\u0105 prawn\u0105, kt\u00f3rej odr\u0119bna ustawa przyznaje zdolno\u015b\u0107 prawn\u0105, wykonuj\u0105ca we w\u0142asnym imieniu dzia\u0142alno\u015b\u0107 gospodarcz\u0105, kt\u00f3ra korzysta ze Sklepu.<\/li><li>Sklep &#8211; sklep internetowy prowadzony przez Sprzedawc\u0119 pod adresem internetowym&nbsp;rscars.auto.pl<\/li><li>Umowa zawarta na odleg\u0142o\u015b\u0107 &#8211; umowa zawarta z Klientem w ramach zorganizowanego systemu zawierania um\u00f3w na odleg\u0142o\u015b\u0107 (w ramach Sklepu), bez jednoczesnej fizycznej obecno\u015bci stron, z wy\u0142\u0105cznym wykorzystaniem jednego lub wi\u0119kszej liczby \u015brodk\u00f3w porozumiewania si\u0119 na odleg\u0142o\u015b\u0107 do chwili zawarcia umowy w\u0142\u0105cznie.<\/li><li>Regulamin &#8211; niniejszy regulamin Sklepu.<\/li><li>Zam\u00f3wienie &#8211; o\u015bwiadczenie woli Klienta sk\u0142adane za pomoc\u0105 Formularza Zam\u00f3wienia i zmierzaj\u0105ce bezpo\u015brednio do zawarcia Umowy Sprzeda\u017cy Produktu lub Produkt\u00f3w ze Sprzedawc\u0105.<\/li><li>Konto &#8211; konto klienta w Sklepie, s\u0105 w nim gromadzone dane podane przez Klienta oraz informacje o z\u0142o\u017conych przez niego Zam\u00f3wieniach w Sklepie.<\/li><li>Formularz rejestracji &#8211; formularz dost\u0119pny w Sklepie, umo\u017cliwiaj\u0105cy utworzenie Konta.<\/li><li>Formularz zam\u00f3wienia &#8211; interaktywny formularz dost\u0119pny w Sklepie umo\u017cliwiaj\u0105cy z\u0142o\u017cenie Zam\u00f3wienia, w szczeg\u00f3lno\u015bci poprzez dodanie Produkt\u00f3w do Koszyka oraz okre\u015blenie warunk\u00f3w Umowy Sprzeda\u017cy, w tym sposobu dostawy i p\u0142atno\u015bci.<\/li><li>Koszyk \u2013 element oprogramowania Sklepu, w kt\u00f3rym widoczne s\u0105 wybrane przez Klienta Produkty do zakupu, a tak\u017ce istnieje mo\u017cliwo\u015b\u0107 ustalenia i modyfikacji danych Zam\u00f3wienia, w szczeg\u00f3lno\u015bci ilo\u015bci produkt\u00f3w.<\/li><li>Produkt &#8211; dost\u0119pna w Sklepie rzecz ruchoma\/us\u0142uga b\u0119d\u0105ca przedmiotem Umowy Sprzeda\u017cy mi\u0119dzy Klientem a Sprzedawc\u0105.<\/li><li>Umowa Sprzeda\u017cy &#8211; umowa sprzeda\u017cy Produktu zawierana albo zawarta mi\u0119dzy Klientem a Sprzedawc\u0105 za po\u015brednictwem Sklepu internetowego. Przez Umow\u0119 Sprzeda\u017cy rozumie si\u0119 te\u017c &#8211; stosowanie do cech Produktu &#8211; umow\u0119 o \u015bwiadczenie us\u0142ug i umow\u0119 o dzie\u0142o.<\/li><\/ol>\n\n\n\n<p><strong>\u00a7 3 Kontakt ze Sklepem<\/strong><\/p>\n\n\n\n<ol class=\"wp-block-list\" type=\"1\"><li>Adres Sprzedawcy: RS Cars Rynek 17 38-340 Biecz<\/li><li>Adres e-mail Sprzedawcy:&nbsp;<a href=\"mailto:biuro@rscars.auto.pl\">biuro@rscars.auto.pl<\/a><\/li><li>Numer telefonu Sprzedawcy: +48&nbsp;665&nbsp;559 832<\/li><li>Numer rachunku bankowego Sprzedawcy 13 1240 5110 1111 0011 0343 5748 (Bank Polska Kasa Opieki S.A.)<\/li><li>Klient mo\u017ce porozumiewa\u0107 si\u0119 ze Sprzedawc\u0105 za pomoc\u0105 adres\u00f3w i numer\u00f3w telefon\u00f3w podanych w niniejszym paragrafie.<\/li><li>Klient mo\u017ce porozumie\u0107 si\u0119 telefonicznie ze Sprzedawc\u0105 w godzinach 10:00 \u2013 17:00.<\/li><\/ol>\n\n\n\n<p><strong>\u00a7 4<\/strong>&nbsp;<strong>Wymagania techniczne<\/strong><\/p>\n\n\n\n<ol class=\"wp-block-list\" type=\"1\"><li>Do korzystania ze Sklepu, w tym przegl\u0105dania asortymentu Sklepu oraz sk\u0142adania zam\u00f3wie\u0144 na Produkty, niezb\u0119dne s\u0105:<ol><li>urz\u0105dzenie ko\u0144cowe z dost\u0119pem do sieci Internet i przegl\u0105dark\u0105 internetow\u0105 typu Google Chrome, Opera, Mozilla Firefox czy Internet Explorer,<\/li><\/ol><ol><li>aktywne konto poczty elektronicznej (e-mail),<\/li><\/ol><ol><li>w\u0142\u0105czona obs\u0142uga plik\u00f3w cookies,<\/li><\/ol><ol><li>zainstalowany program FlashPlayer<\/li><\/ol><\/li><\/ol>\n\n\n\n<p><strong>\u00a7 5 Informacje og\u00f3lne<\/strong><\/p>\n\n\n\n<ol class=\"wp-block-list\" type=\"1\"><li>Sprzedawca w najszerszym dopuszczalnym przez prawo zakresie nie ponosi odpowiedzialno\u015bci za zak\u0142\u00f3cenia w tym przerwy w funkcjonowaniu Sklepu spowodowane si\u0142\u0105 wy\u017csz\u0105, niedozwolonym dzia\u0142aniem os\u00f3b trzecich lub niekompatybilno\u015bci\u0105 Sklepu internetowego z infrastruktur\u0105 techniczn\u0105 Klienta.<\/li><li>Przegl\u0105danie asortymentu Sklepu nie wymaga zak\u0142adania Konta. Sk\u0142adanie zam\u00f3wie\u0144 przez Klienta na Produkty znajduj\u0105ce si\u0119 w asortymencie Sklepu mo\u017cliwe jest albo po za\u0142o\u017ceniu Konta zgodnie z postanowieniami \u00a7 6 Regulaminu poprzez z\u0142o\u017cenie zam\u00f3wienia, bez rejestracji poprzez z\u0142o\u017cenie zam\u00f3wienia i wype\u0142nienie formularza zakupu na stronie Sklepu oraz podanie niezb\u0119dnych danych osobowych i adresowych umo\u017cliwiaj\u0105cych realizacj\u0119 Zam\u00f3wienia bez zak\u0142adania Konta. Dane nale\u017cy przekaza\u0107 na adres email:&nbsp;<a href=\"mailto:biuro@rscars.auto.pl\">biuro@rscars.auto.pl<\/a>&nbsp;.<\/li><li>Ceny podane w Sklepie s\u0105 podane w polskich z\u0142otych i s\u0105 cenami brutto (uwzgl\u0119dniaj\u0105 podatek VAT).<\/li><\/ol>\n\n\n\n<p><strong>\u00a7 6 Zak\u0142adanie Konta w Sklepie<\/strong><\/p>\n\n\n\n<ol class=\"wp-block-list\" type=\"1\"><li>Aby za\u0142o\u017cy\u0107 Konto w Sklepie, nale\u017cy wype\u0142ni\u0107 Formularz rejestracji. Niezb\u0119dne jest podanie nast\u0119puj\u0105cych danych:<ol><li>osoba prywatna: e-mail,&nbsp;Imi\u0119, Nazwisko, Telefon, Has\u0142o, Ulica i nr domu, Kod pocztowy, Miasto i Kraj;<\/li><\/ol><ol><li>firma: e-mail,&nbsp;Imi\u0119,&nbsp;Nazwisko, Telefon,&nbsp;Has\u0142o, Nazwa firmy, NIP, Ulica i nr domu, Kod pocztowy, Miasto, Kraj<\/li><\/ol><\/li><li>Za\u0142o\u017cenie Konta w Sklepie jest darmowe.<\/li><li>Logowanie si\u0119 na Konto odbywa si\u0119 poprzez podanie loginu i has\u0142a ustanowionych w Formularzu rejestracji.<\/li><li>Klient ma mo\u017cliwo\u015b\u0107 w ka\u017cdej chwili, bez podania przyczyny i bez ponoszenia z tego tytu\u0142u jakichkolwiek op\u0142at usun\u0105\u0107 Konto poprzez wys\u0142anie stosownego \u017c\u0105dania do Sprzedawcy, w szczeg\u00f3lno\u015bci za po\u015brednictwem poczty elektronicznej lub pisemnie na adresy podane w \u00a7 3.<\/li><\/ol>\n\n\n\n<p><strong>\u00a7 7 Zasady sk\u0142adania Zam\u00f3wienia<\/strong><\/p>\n\n\n\n<ol class=\"wp-block-list\" type=\"1\"><li>W celu z\u0142o\u017cenia Zam\u00f3wienia nale\u017cy:<ol><li>zalogowa\u0107 si\u0119 do Sklepu (opcjonalnie),<\/li><\/ol><ol><li>wybra\u0107 Produkt b\u0119d\u0105cy przedmiotem Zam\u00f3wienia, a nast\u0119pnie klikn\u0105\u0107 przycisk \u201eDo koszyka\u201d (lub r\u00f3wnoznaczny),<\/li><\/ol><ol><li>zalogowa\u0107 si\u0119 lub skorzysta\u0107 z mo\u017cliwo\u015bci z\u0142o\u017cenia Zam\u00f3wienia bez rejestracji,<\/li><\/ol><ol><li>je\u017celi wybrano mo\u017cliwo\u015b\u0107 z\u0142o\u017cenia Zam\u00f3wienia bez rejestracji &#8211; wype\u0142ni\u0107 Formularz zam\u00f3wienia poprzez wpisanie danych odbiorcy Zam\u00f3wienia oraz adresu, na kt\u00f3ry ma nast\u0105pi\u0107 dostawa Produktu, wybra\u0107 rodzaj przesy\u0142ki (spos\u00f3b dostarczenia Produktu), wpisa\u0107 dane do faktury, je\u015bli s\u0105 inne ni\u017c dane odbiorcy Zam\u00f3wienia,<\/li><\/ol><ol><li>klikn\u0105\u0107 przycisk \u201cZamawiam i p\u0142ac\u0119\u201d oraz potwierdzi\u0107 zam\u00f3wienie, klikaj\u0105c w link przes\u0142any w wiadomo\u015bci e-mail, wybra\u0107 jeden z dost\u0119pnych sposob\u00f3w p\u0142atno\u015bci i w zale\u017cno\u015bci od sposobu p\u0142atno\u015bci, op\u0142aci\u0107 zam\u00f3wienie w okre\u015blonym terminie, z zastrze\u017ceniem \u00a7 8 pkt 3<\/li><\/ol><\/li><\/ol>\n\n\n\n<p><strong>\u00a7 8 Oferowane metody dostawy oraz p\u0142atno\u015bci<\/strong><\/p>\n\n\n\n<ol class=\"wp-block-list\" type=\"1\"><li>Klient mo\u017ce skorzysta\u0107 z nast\u0119puj\u0105cych metod dostawy lub odbioru zam\u00f3wionego Produktu:<ol><li>Kurier DPD,<\/li><\/ol><ol><li>Kurier DPD pobranie,<\/li><\/ol><\/li><li>Klient mo\u017ce skorzysta\u0107 z nast\u0119puj\u0105cych metod p\u0142atno\u015bci:<ol><li>p\u0142atno\u015b\u0107 za pobraniem,<\/li><\/ol><ol><li>p\u0142atno\u015b\u0107 przelewem na konto Sprzedawcy,<\/li><\/ol><ol><li>p\u0142atno\u015bci elektroniczne za po\u015brednictwem PayPro S.A.<\/li><\/ol><\/li><li>Szczeg\u00f3\u0142owe informacje na temat metod dostawy oraz akceptowalnych metod p\u0142atno\u015bci znajduj\u0105 si\u0119 za stronach Sklepu.&nbsp;Rozliczenia transakcji kart\u0105 p\u0142atnicz\u0105 (VISA i MasterCard) i e-przelewem przeprowadzane s\u0105 za po\u015brednictwem PayPro S.A<\/li><li>Podmiotem \u015bwiadcz\u0105cym obs\u0142ug\u0119 p\u0142atno\u015bci online jest PayPro S.A<\/li><\/ol>\n\n\n\n<p><strong>\u00a7 9 Wykonanie umowy sprzeda\u017cy<\/strong><\/p>\n\n\n\n<ol class=\"wp-block-list\" type=\"1\"><li>Zawarcie Umowy Sprzeda\u017cy mi\u0119dzy Klientem a Sprzedawc\u0105 nast\u0119puje po uprzednim z\u0142o\u017ceniu przez Klienta Zam\u00f3wienia za pomoc\u0105 Formularza zam\u00f3wienia w Sklepie internetowym zgodnie z \u00a7 7 Regulaminu.<\/li><li>Po z\u0142o\u017ceniu Zam\u00f3wienia Sprzedawca niezw\u0142ocznie potwierdza jego otrzymanie oraz jednocze\u015bnie przyjmuje Zam\u00f3wienie do realizacji. Potwierdzenie otrzymania Zam\u00f3wienia i jego przyj\u0119cie do realizacji nast\u0119puje poprzez przes\u0142anie przez Sprzedawc\u0119 Klientowi stosownej wiadomo\u015bci e-mail na podany w trakcie sk\u0142adania Zam\u00f3wienia adres poczty elektronicznej Klienta, kt\u00f3ra zawiera co najmniej o\u015bwiadczenia Sprzedawcy o otrzymaniu Zam\u00f3wienia i o jego przyj\u0119ciu do realizacji oraz potwierdzenie zawarcia Umowy Sprzeda\u017cy. Z chwil\u0105 otrzymania przez Klienta powy\u017cszej wiadomo\u015bci e-mail zostaje zawarta Umowa Sprzeda\u017cy mi\u0119dzy Klientem a Sprzedawc\u0105.<\/li><li>W przypadku wyboru przez Klienta:<ol><li>p\u0142atno\u015bci przelewem, p\u0142atno\u015bci elektronicznych albo p\u0142atno\u015bci kart\u0105 p\u0142atnicz\u0105, Klient obowi\u0105zany jest do dokonania p\u0142atno\u015bci w terminie 3 dni kalendarzowych od dnia zawarcia Umowy Sprzeda\u017cy &#8211; w przeciwnym razie zam\u00f3wienie zostanie anulowane,<\/li><\/ol><ol><li>p\u0142atno\u015bci za pobraniem przy odbiorze przesy\u0142ki, Klient obowi\u0105zany jest do dokonania p\u0142atno\u015bci przy odbiorze przesy\u0142ki,<\/li><\/ol><\/li><li>Produkt zostanie wys\u0142any przez Sprzedawc\u0119 w terminie wskazanym w jego opisie (z zastrze\u017ceniem ust\u0119pu 5 niniejszego paragrafu), w spos\u00f3b wybrany przez Klienta podczas sk\u0142adania Zam\u00f3wienia:<ol><li>w przypadku zam\u00f3wienia Produkt\u00f3w o r\u00f3\u017cnych terminach dostawy, terminem dostawy jest najd\u0142u\u017cszy podany termin,<\/li><\/ol><ol><li>w przypadku zam\u00f3wienia Produkt\u00f3w o r\u00f3\u017cnych terminach dostawy, Klient ma mo\u017cliwo\u015b\u0107 \u017c\u0105dania dostarczenia Produkt\u00f3w cz\u0119\u015bciami lub te\u017c dostarczenia wszystkich Produkt\u00f3w po skompletowaniu ca\u0142ego zam\u00f3wienia<\/li><\/ol><\/li><li>Pocz\u0105tek biegu terminu dostawy Produktu do Klienta liczy si\u0119 w nast\u0119puj\u0105cy spos\u00f3b:<ol><li>w przypadku wyboru przez Klienta sposobu p\u0142atno\u015bci przelewem, p\u0142atno\u015bci elektroniczne lub kart\u0105 p\u0142atnicz\u0105 &#8211; od dnia uznania rachunku bankowego Sprzedawcy,<\/li><\/ol><ol><li>w przypadku wyboru przez Klienta sposobu p\u0142atno\u015bci za pobraniem \u2013 od dnia zawarcia Umowy Sprzeda\u017cy<\/li><\/ol><\/li><li>Dostawa Produktu odbywa si\u0119 wy\u0142\u0105cznie na terenie Polski.<\/li><\/ol>\n\n\n\n<p><strong>\u00a7 10 Prawo odst\u0105pienia od umowy<\/strong><\/p>\n\n\n\n<ol class=\"wp-block-list\" type=\"1\"><li>Zgodnie z obowi\u0105zuj\u0105c\u0105 ustaw\u0105 z 30 maja 2014 r. o prawach konsumenta (Dz. U. z 24 czerwca 2014 r. poz. 827) Klient, kt\u00f3ry&nbsp;zakupi\u0142 produkt na Sklepie, mo\u017ce w terminie 14 dni odst\u0105pi\u0107 od umowy zakupu bez podawania przyczyny i bez ponoszenia koszt\u00f3w, z wyj\u0105tkiem koszt\u00f3w okre\u015blonych w Ustawie, jak np. bezpo\u015bredni koszt zwrotu.<\/li><li>Klient, kt\u00f3ry chce skorzysta\u0107 z prawa odst\u0105pienia od Umowy, powinien poinformowa\u0107 Sklep&nbsp;o swojej decyzji poprzez wys\u0142anie informacji o odst\u0105pieniu od Umowy zakupu na adres mailowy:&nbsp;biuro@rscars.auto.pl<\/li><li>Klient mo\u017ce skorzysta\u0107 z ustawowego wzoru formularza odst\u0105pienia od Umowy, stanowi\u0105cego za\u0142\u0105cznik nr 2 do ustawy z dnia 30 maja 2014 r. o prawach konsumenta. Skorzystanie z powy\u017cszego wzoru nie jest obowi\u0105zkowe.&nbsp;Formularz zwrotu do pobrania (<a href=\"http:\/\/rscars.auto.pl\/wp-content\/uploads\/2021\/08\/formularz-zwrotu.pdf\">pobierz<\/a>).<\/li><li>Do zachowania terminu wystarczy wys\u0142anie o\u015bwiadczenia przed jego up\u0142ywem. Klient ma obowi\u0105zek zwr\u00f3ci\u0107 produkt do Sklepu niezw\u0142ocznie, jednak nie p\u00f3\u017aniej ni\u017c w terminie 14 dni od dnia, w kt\u00f3rym odst\u0105pi\u0142 od Umowy sprzeda\u017cy. Do zachowania terminu wystarczy odes\u0142anie Towaru na adres Sklepu&nbsp;przed up\u0142ywem tego terminu. Adres do zwrot\u00f3w: RS Cars Bart\u0142omiej Zieli\u0144ski, ul. Rynek 17, 38-340 Biecz , POLSKA.<\/li><li>W przypadku odst\u0105pienia od umowy przez Klienta,&nbsp;Sklep jest zobowi\u0105zany zwr\u00f3ci\u0107&nbsp;Klientowi wszystkie otrzymane od niego p\u0142atno\u015bci, w tym koszt dostawy rzeczy (z wy\u0142\u0105czeniem dodatkowych koszt\u00f3w wynikaj\u0105cych z wybranego przez&nbsp;Klienta sposobu dostawy innego ni\u017c najta\u0144szy zwyk\u0142y spos\u00f3b dostawy oferowany przez Sklep) niezw\u0142ocznie a w ka\u017cdym razie nie p\u00f3\u017aniej ni\u017c w terminie 14 dni od dnia w kt\u00f3rym&nbsp;Sklep zosta\u0142 poinformowany o decyzji&nbsp;Klienta o wykonaniu prawa odst\u0105pieniu od umowy sprzeda\u017cy.&nbsp;Sklep dokonuje zwrotu p\u0142atno\u015bci przy u\u017cyciu takiego samego sposobu zap\u0142aty, jakiego u\u017cy\u0142 Klient, chyba \u017ce Klient wyra\u017anie zgodzi\u0142 si\u0119 na inny spos\u00f3b zwrotu, kt\u00f3ry nie wi\u0105\u017ce si\u0119 dla niego z \u017cadnymi kosztami.<\/li><\/ol>\n\n\n\n<p><strong>\u00a7 11&nbsp;R\u0119kojmie i Reklamacje<\/strong><\/p>\n\n\n\n<ol class=\"wp-block-list\" type=\"1\"><li>W przypadku stwierdzenia wad produktu, jego uszkodze\u0144 powsta\u0142ych podczas transportu lub niezgodno\u015bci towaru z towarem zawartym w z\u0142o\u017conym zam\u00f3wieniu Klient ma prawo do zg\u0142oszenia reklamacji towaru zgodnie z ustaw\u0105 o szczeg\u00f3lnych warunkach sprzeda\u017cy konsumenckiej oraz o zmianie Kodeksu cywilnego z dnia 27 lipca 2002r. (Dz. U. z 2002r. Nr.141, poz. 1176 z zm.)<\/li><li>R\u0119kojmia przys\u0142uguje klientowi, kt\u00f3ry zakupi\u0142 na Sklepie produkt posiadaj\u0105cy wad\u0119. W ramach r\u0119kojmi Klient mo\u017ce \u017c\u0105da\u0107 od sprzedawcy naprawy, wymiany, obni\u017cenia ceny albo \u2212 przy wadzie istotnej \u2212 odst\u0105pienia od umowy. Sklep spe\u0142ni roszczenie w zale\u017cno\u015bci od \u0142atwo\u015bci i szybko\u015bci naprawy\/wymiany oraz od tego czy produkt by\u0142 ju\u017c reklamowany. Klient otrzyma odpowied\u017a dotycz\u0105c\u0105 sposobu zrealizowania przez Sklep prawa Klienta do r\u0119kojmi w przeci\u0105gu 14 dni.<\/li><li>Produkty sprzedawane przez Sklep obj\u0119te s\u0105 gwarancj\u0105 Producenta.<\/li><li>Szczeg\u00f3\u0142owe informacje dotycz\u0105ce gwarancji i jej warunk\u00f3w dost\u0119pne s\u0105 na Karcie Gwarancyjnej Produktu.<\/li><li>Zg\u0142oszenie reklamacyjne nale\u017cy skierowa\u0107 na adres email:&nbsp;<a href=\"mailto:biuro@rscars.auto.pl\">biuro@rscars.auto.pl<\/a><a href=\"mailto:info@classicbrakes.pl.\">.<\/a><\/li><li>Zg\u0142aszaj\u0105c reklamacj\u0119 ka\u017cdy Klient jest zobowi\u0105zany do przes\u0142ania reklamowanego towaru wraz z dowodem zakupu i wype\u0142nionym formularzem reklamacyjnym (<a href=\"http:\/\/rscars.auto.pl\/wp-content\/uploads\/2021\/08\/Reklamacja_towarow.pdf\">pobierz<\/a>).&nbsp;Adres do zwrot\u00f3w: RS Cars \u2013 Bart\u0142omiej Zieli\u0144ski, ul. Rynek 17, 38-340 Biecz, POLSKA.<\/li><li>Odpowied\u017a na reklamacj\u0119 jest udzielana nie p\u00f3\u017aniej ni\u017c w terminie do 14 dni od jej otrzymania.<\/li><li>Gwarancji nie podlegaj\u0105 uszkodzenia mechaniczne powsta\u0142e podczas u\u017cytkowania produktu.<\/li><li>W przypadku reklamacji uzasadnionej np. wad wynikaj\u0105cych z winy producenta produkt podlega naprawie lub je\u015bli naprawa jest niemo\u017cliwa, w\u00f3wczas podlega on wymianie na nowy i jest dostarczony do Klienta na koszt Sklepu.<\/li><\/ol>\n\n\n\n<p><strong>\u00a7 12 Dane osobowe w Sklepie internetowym<\/strong><\/p>\n\n\n\n<ol class=\"wp-block-list\" type=\"1\"><li>Administratorem danych osobowych Klient\u00f3w zbieranych za po\u015brednictwem Sklepu internetowego jest Sprzedawca.<\/li><li>Dane osobowe Klient\u00f3w zbierane przez administratora za po\u015brednictwem Sklepu internetowego zbierane s\u0105 w celu realizacji Umowy Sprzeda\u017cy, a je\u017celi Klient wyrazi na to zgod\u0119 &#8211; tak\u017ce w celu marketingowym.<\/li><li>Odbiorcami danych osobowych Klient\u00f3w Sklepu internetowego mog\u0105 by\u0107:<ol><li>w przypadku Klienta, kt\u00f3ry korzysta w Sklepie internetowym ze sposobu dostawy przesy\u0142k\u0105 pocztow\u0105 lub przesy\u0142k\u0105 kuriersk\u0105, Administrator udost\u0119pnia zebrane dane osobowe Klienta wybranemu przewo\u017anikowi lub po\u015brednikowi realizuj\u0105cemu przesy\u0142ki na zlecenie Administrator,<\/li><\/ol><ol><li>w przypadku Klienta, kt\u00f3ry korzysta w Sklepie internetowym ze sposobu p\u0142atno\u015bci elektronicznych lub kart\u0105 p\u0142atnicz\u0105 Administrator udost\u0119pnia zebrane dane osobowe Klienta, wybranemu podmiotowi obs\u0142uguj\u0105cemu powy\u017csze p\u0142atno\u015bci w Sklepie internetowym<\/li><\/ol><\/li><li>Klient ma prawo dost\u0119pu do tre\u015bci swoich danych oraz ich poprawiania.<\/li><li>Podanie danych osobowych jest dobrowolne, aczkolwiek niepodanie wskazanych w Regulaminie danych osobowych niezb\u0119dnych do zawarcia Umowy Sprzeda\u017cy skutkuje brakiem mo\u017cliwo\u015bci zawarcia tej\u017ce umowy.<\/li><\/ol>\n\n\n\n<p><strong>\u00a7 13 Postanowienia ko\u0144cowe<\/strong><\/p>\n\n\n\n<ol class=\"wp-block-list\" type=\"1\"><li>Umowy zawierane poprzez Sklep internetowy zawierane s\u0105 w j\u0119zyku polskim.<\/li><li>Sprzedawca zastrzega sobie prawo do dokonywania zmian Regulaminu z wa\u017cnych przyczyn to jest: zmiany przepis\u00f3w prawa, zmiany sposob\u00f3w p\u0142atno\u015bci i dostaw &#8211; w zakresie, w jakim te zmiany wp\u0142ywaj\u0105 na realizacj\u0119 postanowie\u0144 niniejszego Regulaminu. O ka\u017cdej zmianie Sprzedawca poinformuje Klienta z co najmniej 7 dniowym wyprzedzeniem.<\/li><li>W sprawach nieuregulowanych w niniejszym Regulaminie maj\u0105 zastosowanie powszechnie obowi\u0105zuj\u0105ce przepisy prawa polskiego, w szczeg\u00f3lno\u015bci: Kodeksu cywilnego; ustawy o \u015bwiadczeniu us\u0142ug drog\u0105 elektroniczn\u0105; ustawy o prawach konsumenta, ustawy o ochronie danych osobowych.<\/li><\/ol>\n","protected":false},"excerpt":{"rendered":"<p>\u00a7 1 Postanowienia wst\u0119pne Sklep Internetowy RS Cars dost\u0119pny pod adresem\u00a0rscars.auto.pl. Sklep Internetowy RS Cars prowadzony jest przez RS Cars Bart\u0142omiej Zieli\u0144ski, Rynek 17; 38-340 Biecz, NIP: 7382113852, REGON: 387517803. \u00a7 2 Definicje Konsument &#8211; osoba fizyczna zawieraj\u0105ca ze Sprzedawc\u0105 umow\u0119 w ramach Sklepu, kt\u00f3rej przedmiot nie jest zwi\u0105zany bezpo\u015brednio z jej dzia\u0142alno\u015bci\u0105 gospodarcz\u0105 lub [&hellip;]<\/p>\n","protected":false},"author":1,"featured_media":0,"parent":0,"menu_order":0,"comment_status":"closed","ping_status":"closed","template":"","meta":{"spay_email":"","footnotes":""},"class_list":["post-156","page","type-page","status-publish","hentry"],"_links":{"self":[{"href":"http:\/\/rscars.auto.pl\/index.php?rest_route=\/wp\/v2\/pages\/156","targetHints":{"allow":["GET"]}}],"collection":[{"href":"http:\/\/rscars.auto.pl\/index.php?rest_route=\/wp\/v2\/pages"}],"about":[{"href":"http:\/\/rscars.auto.pl\/index.php?rest_route=\/wp\/v2\/types\/page"}],"author":[{"embeddable":true,"href":"http:\/\/rscars.auto.pl\/index.php?rest_route=\/wp\/v2\/users\/1"}],"replies":[{"embeddable":true,"href":"http:\/\/rscars.auto.pl\/index.php?rest_route=%2Fwp%2Fv2%2Fcomments&post=156"}],"version-history":[{"count":1,"href":"http:\/\/rscars.auto.pl\/index.php?rest_route=\/wp\/v2\/pages\/156\/revisions"}],"predecessor-version":[{"id":158,"href":"http:\/\/rscars.auto.pl\/index.php?rest_route=\/wp\/v2\/pages\/156\/revisions\/158"}],"wp:attachment":[{"href":"http:\/\/rscars.auto.pl\/index.php?rest_route=%2Fwp%2Fv2%2Fmedia&parent=156"}],"curies":[{"name":"wp","href":"https:\/\/api.w.org\/{rel}","templated":true}]}}