{"id":131,"date":"2021-08-19T13:40:22","date_gmt":"2021-08-19T11:40:22","guid":{"rendered":"http:\/\/rscars.auto.pl\/?page_id=131"},"modified":"2021-08-19T13:40:22","modified_gmt":"2021-08-19T11:40:22","slug":"refund_returns","status":"publish","type":"page","link":"http:\/\/rscars.auto.pl\/?page_id=131","title":{"rendered":"Zwroty i Reklamacje"},"content":{"rendered":"\n<p><strong>Zwroty<\/strong><\/p>\n\n\n\n<ol class=\"wp-block-list\" type=\"1\"><li>Zgodnie z obowi\u0105zuj\u0105c\u0105 ustaw\u0105 z 30 maja 2014 r. o prawach konsumenta (Dz. U. z 24 czerwca 2014 r. poz. 827) Klient, kt\u00f3ry\u00a0zakupi\u0142 produkt na Sklepie, mo\u017ce w terminie 14 dni odst\u0105pi\u0107 od umowy zakupu bez podawania przyczyny i bez ponoszenia koszt\u00f3w, z wyj\u0105tkiem koszt\u00f3w okre\u015blonych w Ustawie, jak np. bezpo\u015bredni koszt zwrotu w przypadku gdy towar nie zosta\u0142 u\u017cyty.<\/li><li>Klient, kt\u00f3ry chce skorzysta\u0107 z prawa odst\u0105pienia od Umowy, powinien poinformowa\u0107 Sklep\u00a0o swojej decyzji poprzez wys\u0142anie informacji o odst\u0105pieniu od Umowy zakupu na adres mailowy:\u00a0<a href=\"mailto:biuro@rscars.auto.pl\">biuro@rscars.auto.pl<\/a><a href=\"mailto:info@classicbrakes.pl.\">.<\/a><\/li><li>Klient mo\u017ce skorzysta\u0107 z ustawowego wzoru formularza odst\u0105pienia od Umowy, stanowi\u0105cego za\u0142\u0105cznik nr 2 do ustawy z dnia 30 maja 2014 r. o prawach konsumenta. Skorzystanie z powy\u017cszego wzoru nie jest obowi\u0105zkowe.\u00a0Formularz zwrotu do pobrania (<a href=\"http:\/\/rscars.auto.pl\/wp-content\/uploads\/2021\/08\/formularz-zwrotu.pdf\" data-type=\"URL\" data-id=\"http:\/\/rscars.auto.pl\/wp-content\/uploads\/2021\/08\/formularz-zwrotu.pdf\">pobierz<\/a>).<\/li><li>Do zachowania terminu wystarczy wys\u0142anie o\u015bwiadczenia przed jego up\u0142ywem. Klient ma obowi\u0105zek zwr\u00f3ci\u0107 produkt do Sklepu niezw\u0142ocznie, jednak nie p\u00f3\u017aniej ni\u017c w terminie 14 dni od dnia, w kt\u00f3rym odst\u0105pi\u0142 od Umowy sprzeda\u017cy. Do zachowania terminu wystarczy odes\u0142anie Towaru na adres Sklepu\u00a0przed up\u0142ywem tego terminu. Adres do zwrot\u00f3w: RS Cars &#8211; Bart\u0142omiej Zieli\u0144ski, ul. Rynek 9 38-340 Biecz, POLSKA.<\/li><li>W przypadku odst\u0105pienia od umowy przez Klienta,\u00a0Sklep jest zobowi\u0105zany zwr\u00f3ci\u0107\u00a0Klientowi wszystkie otrzymane od niego p\u0142atno\u015bci, z wy\u0142\u0105czeniem dodatkowych koszt\u00f3w wynikaj\u0105cych z wybranego przez\u00a0Klienta sposobu dostawy niezw\u0142ocznie a w ka\u017cdym razie nie p\u00f3\u017aniej ni\u017c w terminie 14 dni od dnia w kt\u00f3rym\u00a0Sklep otrzyma\u0142 zwracany towar.\u00a0Sklep dokonuje zwrotu p\u0142atno\u015bci przy u\u017cyciu takiego samego sposobu zap\u0142aty, jakiego u\u017cy\u0142 Klient, chyba \u017ce Klient wyra\u017anie zgodzi\u0142 si\u0119 na inny spos\u00f3b zwrotu, kt\u00f3ry nie wi\u0105\u017ce si\u0119 dla niego z \u017cadnymi kosztami.<\/li><\/ol>\n\n\n\n<p><strong>R\u0119kojmie i Reklamacje<\/strong><\/p>\n\n\n\n<ol class=\"wp-block-list\" type=\"1\"><li>W przypadku stwierdzenia wad produktu, jego uszkodze\u0144 powsta\u0142ych podczas transportu lub niezgodno\u015bci towaru z towarem zawartym w z\u0142o\u017conym zam\u00f3wieniu Klient ma prawo do zg\u0142oszenia reklamacji towaru zgodnie z ustaw\u0105 o szczeg\u00f3lnych warunkach sprzeda\u017cy konsumenckiej oraz o zmianie Kodeksu cywilnego z dnia 27 lipca 2002r. (Dz. U. z 2002r. Nr.141, poz. 1176 z zm.)<\/li><li>R\u0119kojmia przys\u0142uguje klientowi, kt\u00f3ry zakupi\u0142 na Sklepie produkt posiadaj\u0105cy wad\u0119. W ramach r\u0119kojmi Klient mo\u017ce \u017c\u0105da\u0107 od sprzedawcy naprawy, wymiany, obni\u017cenia ceny albo \u2212 przy wadzie istotnej \u2212 odst\u0105pienia od umowy. Sklep spe\u0142ni roszczenie w zale\u017cno\u015bci od \u0142atwo\u015bci i szybko\u015bci naprawy\/wymiany oraz od tego czy produkt by\u0142 ju\u017c reklamowany. Klient otrzyma odpowied\u017a dotycz\u0105c\u0105 sposobu zrealizowania przez Sklep prawa Klienta do r\u0119kojmi w przeci\u0105gu 14 dni.<\/li><li>Produkty sprzedawane przez Sklep obj\u0119te s\u0105 gwarancj\u0105 Producenta.<\/li><li>Szczeg\u00f3\u0142owe informacje dotycz\u0105ce gwarancji i jej warunk\u00f3w dost\u0119pne s\u0105 na Karcie Gwarancyjnej Produktu.<\/li><li>Zg\u0142oszenie reklamacyjne nale\u017cy skierowa\u0107 na adres email:\u00a0<a href=\"mailto:biuro@rscars.auto.pl\">biuro@rscars.auto.pl<\/a><a href=\"mailto:info@classicbrakes.pl.\">.<\/a><\/li><li>Zg\u0142aszaj\u0105c reklamacj\u0119 ka\u017cdy Klient jest zobowi\u0105zany do przes\u0142ania reklamowanego towaru wraz z dowodem zakupu i wype\u0142nionym formularzem reklamacyjnym (<a href=\"http:\/\/rscars.auto.pl\/wp-content\/uploads\/2021\/08\/Reklamacja_towarow.pdf\" data-type=\"URL\" data-id=\"http:\/\/rscars.auto.pl\/wp-content\/uploads\/2021\/08\/Reklamacja_towarow.pdf\">pobierz<\/a>).\u00a0Adres do zwrot\u00f3w: RS Cars &#8211; Bart\u0142omiej Zieli\u0144ski, ul. Rynek 17, 38-340 Biecz, POLSKA.<\/li><li>Odpowied\u017a na reklamacj\u0119 jest udzielana nie p\u00f3\u017aniej ni\u017c w terminie do 14 dni od jej otrzymania.<\/li><li>Gwarancji nie podlegaj\u0105 uszkodzenia mechaniczne powsta\u0142e podczas u\u017cytkowania produktu.<\/li><li>W przypadku reklamacji uzasadnionej np. wad wynikaj\u0105cych z winy producenta produkt podlega naprawie lub je\u015bli naprawa jest niemo\u017cliwa, w\u00f3wczas podlega on wymianie na nowy i jest dostarczony do Klienta na koszt Sklepu.<\/li><\/ol>\n\n\n\n<p>Adres do zwrot\u00f3w: RS Cars, Bart\u0142omiej Zieli\u0144ski, Rynek 9 38-340 Biecz, POLSKA.<\/p>\n\n\n\n<p>Adres email:\u00a0<strong><u><a href=\"mailto:biuro@rscars.auto.pl%0b\">biuro@rscars.auto.pl<\/a><\/u><\/strong><\/p>\n\n\n\n<div class=\"wp-block-file\"><a href=\"http:\/\/rscars.auto.pl\/wp-content\/uploads\/2021\/08\/Reklamacja_towarow.pdf\"> Formularz reklamacyjny <\/a><a href=\"http:\/\/rscars.auto.pl\/wp-content\/uploads\/2021\/08\/Reklamacja_towarow.pdf\" class=\"wp-block-file__button\" download>Pobierz<\/a><\/div>\n\n\n\n<div class=\"wp-block-file\"><a href=\"http:\/\/rscars.auto.pl\/wp-content\/uploads\/2021\/08\/formularz-zwrotu.pdf\"> Formularz zwrotu\u00a0bez podania przyczyny <\/a><a href=\"http:\/\/rscars.auto.pl\/wp-content\/uploads\/2021\/08\/formularz-zwrotu.pdf\" class=\"wp-block-file__button\" download>Pobierz<\/a><\/div>\n","protected":false},"excerpt":{"rendered":"<p>Zwroty Zgodnie z obowi\u0105zuj\u0105c\u0105 ustaw\u0105 z 30 maja 2014 r. o prawach konsumenta (Dz. U. z 24 czerwca 2014 r. poz. 827) Klient, kt\u00f3ry\u00a0zakupi\u0142 produkt na Sklepie, mo\u017ce w terminie 14 dni odst\u0105pi\u0107 od umowy zakupu bez podawania przyczyny i bez ponoszenia koszt\u00f3w, z wyj\u0105tkiem koszt\u00f3w okre\u015blonych w Ustawie, jak np. bezpo\u015bredni koszt zwrotu w [&hellip;]<\/p>\n","protected":false},"author":1,"featured_media":0,"parent":0,"menu_order":0,"comment_status":"closed","ping_status":"closed","template":"","meta":{"spay_email":"","footnotes":""},"class_list":["post-131","page","type-page","status-publish","hentry"],"_links":{"self":[{"href":"http:\/\/rscars.auto.pl\/index.php?rest_route=\/wp\/v2\/pages\/131","targetHints":{"allow":["GET"]}}],"collection":[{"href":"http:\/\/rscars.auto.pl\/index.php?rest_route=\/wp\/v2\/pages"}],"about":[{"href":"http:\/\/rscars.auto.pl\/index.php?rest_route=\/wp\/v2\/types\/page"}],"author":[{"embeddable":true,"href":"http:\/\/rscars.auto.pl\/index.php?rest_route=\/wp\/v2\/users\/1"}],"replies":[{"embeddable":true,"href":"http:\/\/rscars.auto.pl\/index.php?rest_route=%2Fwp%2Fv2%2Fcomments&post=131"}],"version-history":[{"count":1,"href":"http:\/\/rscars.auto.pl\/index.php?rest_route=\/wp\/v2\/pages\/131\/revisions"}],"predecessor-version":[{"id":141,"href":"http:\/\/rscars.auto.pl\/index.php?rest_route=\/wp\/v2\/pages\/131\/revisions\/141"}],"wp:attachment":[{"href":"http:\/\/rscars.auto.pl\/index.php?rest_route=%2Fwp%2Fv2%2Fmedia&parent=131"}],"curies":[{"name":"wp","href":"https:\/\/api.w.org\/{rel}","templated":true}]}}